{"id":1426,"date":"2024-04-27T12:01:08","date_gmt":"2024-04-27T10:01:08","guid":{"rendered":"https:\/\/c-p-g.de\/?page_id=1426"},"modified":"2025-07-29T13:21:58","modified_gmt":"2025-07-29T11:21:58","slug":"impressum","status":"publish","type":"page","link":"https:\/\/c-p-g.de\/en\/impressum\/","title":{"rendered":"Imprint"},"content":{"rendered":"<div data-elementor-type=\"wp-page\" data-elementor-id=\"1426\" class=\"elementor elementor-1426\" data-elementor-post-type=\"page\">\n\t\t\t\t<div class=\"elementor-element elementor-element-567a37c5 e-con-full e-flex e-con e-parent\" data-id=\"567a37c5\" data-element_type=\"container\" data-e-type=\"container\" data-settings=\"{&quot;background_background&quot;:&quot;classic&quot;}\">\n\t\t<div class=\"elementor-element elementor-element-c195017 e-con-full e-flex elementor-invisible e-con e-child\" data-id=\"c195017\" data-element_type=\"container\" data-e-type=\"container\" data-settings=\"{&quot;animation&quot;:&quot;fadeInLeft&quot;}\">\n\t\t\t\t<div class=\"elementor-element elementor-element-68114add elementor-widget__width-auto elementor-absolute elementor-widget elementor-widget-menu-anchor\" data-id=\"68114add\" data-element_type=\"widget\" data-e-type=\"widget\" data-settings=\"{&quot;_position&quot;:&quot;absolute&quot;}\" data-widget_type=\"menu-anchor.default\">\n\t\t\t\t<div class=\"elementor-widget-container\">\n\t\t\t\t\t\t\t<div class=\"elementor-menu-anchor\" id=\"search\"><\/div>\n\t\t\t\t\t\t<\/div>\n\t\t\t\t<\/div>\n\t\t\t\t<div class=\"elementor-element elementor-element-571180a4 elementor-widget elementor-widget-heading\" data-id=\"571180a4\" data-element_type=\"widget\" data-e-type=\"widget\" data-widget_type=\"heading.default\">\n\t\t\t\t<div class=\"elementor-widget-container\">\n\t\t\t\t\t<h5 class=\"elementor-heading-title elementor-size-default\">Imprint<\/h5>\t\t\t\t<\/div>\n\t\t\t\t<\/div>\n\t\t\t\t<div class=\"elementor-element elementor-element-20dc75f6 elementor-widget elementor-widget-text-editor\" data-id=\"20dc75f6\" data-element_type=\"widget\" data-e-type=\"widget\" data-widget_type=\"text-editor.default\">\n\t\t\t\t<div class=\"elementor-widget-container\">\n\t\t\t\t\t\t\t\t\t<h4>Address<\/h4><p>The Commercial Property Group GmbH<br \/>Iserstra\u00dfe 8-10<br \/>14513 Teltow<\/p><h4><strong>Represented by:<\/strong><\/h4><p>Dr. Dominik Benner<\/p><h4>Contact:<\/h4><p>Telefon: +49 (0) 151 \/ 228 34 890<br \/>Email: <a href=\"mailto:ch@c-p-g.de\">ch@c-p-g.de<\/a><\/p><h4>Register Entry:<\/h4><p>Registration in the commercial register.<br \/>Registergericht: Amtsgericht Charlottenburg<br \/>Registernummer: HRB 268 322 B<\/p><h4>VAT ID:<\/h4><p>VAT identification number<br \/>according to \u00a727 a of the German VAT<br \/>Following<\/p><h4>Disclaimer<\/h4><p><strong>Liability for Content<\/strong><\/p><p>As a service provider, we are responsible for our own content on these pages in accordance with general laws pursuant to \u00a7 7 Para.1 TMG (German Telemedia Act). However, according to \u00a7\u00a7 8 to 10 TMG, we as a service provider are not obligated to monitor transmitted or stored external information or to investigate circumstances that indicate illegal activity. Obligations to remove or block the use of information according to general laws remain unaffected. However, liability in this regard is only possible from the moment of knowledge of a specific infringement. Upon notification of corresponding violations, we will remove this content immediately.<\/p><p><strong>Liability for Links<\/strong><\/p><p>Our offer includes links to external third-party websites, over whose content we have no influence. Therefore, we cannot assume any liability for these external contents. The respective provider or operator of the pages is always responsible for the contents of the linked pages. The linked pages were checked for possible legal violations at the time of linking. Illegal content was not recognizable at the time of linking. However, a permanent control of the content of the linked pages is not reasonable without concrete evidence of an infringement. Upon becoming aware of any violations, we will remove such links immediately.<\/p><p><strong>Copyright<\/strong><\/p><p>The content and works created by the site operators on these pages are subject to German copyright law. Duplication, editing, distribution, and any kind of exploitation outside the limits of copyright law require the written consent of the respective author or creator. Downloads and copies of this page are only permitted for private, non-commercial use. Insofar as the content on this page was not created by the operator, third-party copyrights are respected. Specifically, third-party content is identified as such. Should you nevertheless become aware of a copyright infringement, please inform us accordingly. Upon notification of violations, we will remove such content immediately.<\/p>\t\t\t\t\t\t\t\t<\/div>\n\t\t\t\t<\/div>\n\t\t\t\t<\/div>\n\t\t\t\t<\/div>\n\t\t\t\t<\/div>","protected":false},"excerpt":{"rendered":"<p>Impressum Adresse The Commercial Property Group GmbHIserstra\u00dfe 8-1014513 Teltow Vertreten durch: Dr. Dominik Benner Kontakt: Telefon: +49 (0) 151 \/ 228 34 890Email: ch@c-p-g.de Registereintrag: Eintragung im Handelsregister.Registergericht: Amtsgericht CharlottenburgRegisternummer: HRB 268 322 B Umsatzsteuer-ID: Umsatzsteuer-Identifikationsnummergem\u00e4\u00df \u00a727 a Umsatzsteuergesetz:Folgt. Haftungsausschluss (Disclaimer) Haftung f\u00fcr Inhalte Als Diensteanbieter sind wir gem\u00e4\u00df \u00a7 7 Abs.1 TMG f\u00fcr eigene [&hellip;]<\/p>\n","protected":false},"author":3,"featured_media":0,"parent":0,"menu_order":0,"comment_status":"closed","ping_status":"closed","template":"elementor_header_footer","meta":{"footnotes":""},"class_list":["post-1426","page","type-page","status-publish","hentry"],"_links":{"self":[{"href":"https:\/\/c-p-g.de\/en\/wp-json\/wp\/v2\/pages\/1426","targetHints":{"allow":["GET"]}}],"collection":[{"href":"https:\/\/c-p-g.de\/en\/wp-json\/wp\/v2\/pages"}],"about":[{"href":"https:\/\/c-p-g.de\/en\/wp-json\/wp\/v2\/types\/page"}],"author":[{"embeddable":true,"href":"https:\/\/c-p-g.de\/en\/wp-json\/wp\/v2\/users\/3"}],"replies":[{"embeddable":true,"href":"https:\/\/c-p-g.de\/en\/wp-json\/wp\/v2\/comments?post=1426"}],"version-history":[{"count":52,"href":"https:\/\/c-p-g.de\/en\/wp-json\/wp\/v2\/pages\/1426\/revisions"}],"predecessor-version":[{"id":3344,"href":"https:\/\/c-p-g.de\/en\/wp-json\/wp\/v2\/pages\/1426\/revisions\/3344"}],"wp:attachment":[{"href":"https:\/\/c-p-g.de\/en\/wp-json\/wp\/v2\/media?parent=1426"}],"curies":[{"name":"wp","href":"https:\/\/api.w.org\/{rel}","templated":true}]}}